{"id":155,"date":"2024-10-29T13:25:10","date_gmt":"2024-10-29T12:25:10","guid":{"rendered":"http:\/\/www.prosersa.net\/?page_id=155"},"modified":"2025-05-05T15:41:10","modified_gmt":"2025-05-05T13:41:10","slug":"why-give","status":"publish","type":"page","link":"https:\/\/www.prosersa.net\/en\/why-give\/","title":{"rendered":"WHY GIFT PROMOTIONAL PRODUCTS?"},"content":{"rendered":"\t\t<div data-elementor-type=\"wp-page\" data-elementor-id=\"155\" class=\"elementor elementor-155\" data-elementor-post-type=\"page\">\n\t\t\t\t<div class=\"elementor-element elementor-element-127e463 e-flex e-con-boxed e-con e-parent\" data-id=\"127e463\" data-element_type=\"container\" data-e-type=\"container\" data-settings=\"{&quot;background_background&quot;:&quot;classic&quot;,&quot;motion_fx_motion_fx_scrolling&quot;:&quot;yes&quot;,&quot;motion_fx_scale_effect&quot;:&quot;yes&quot;,&quot;sticky&quot;:&quot;top&quot;,&quot;motion_fx_scale_speed&quot;:{&quot;unit&quot;:&quot;px&quot;,&quot;size&quot;:3,&quot;sizes&quot;:[]},&quot;motion_fx_scale_range&quot;:{&quot;unit&quot;:&quot;%&quot;,&quot;size&quot;:&quot;&quot;,&quot;sizes&quot;:{&quot;start&quot;:0,&quot;end&quot;:67}},&quot;motion_fx_devices&quot;:[&quot;desktop&quot;,&quot;tablet&quot;],&quot;motion_fx_scale_direction&quot;:&quot;out-in&quot;,&quot;sticky_on&quot;:[&quot;desktop&quot;,&quot;tablet&quot;,&quot;mobile&quot;],&quot;sticky_offset&quot;:0,&quot;sticky_effects_offset&quot;:0,&quot;sticky_anchor_link_offset&quot;:0}\">\n\t\t\t\t\t<div class=\"e-con-inner\">\n\t\t<div class=\"elementor-element elementor-element-9469ccc e-flex e-con-boxed e-con e-child\" data-id=\"9469ccc\" data-element_type=\"container\" data-e-type=\"container\" data-settings=\"{&quot;background_background&quot;:&quot;classic&quot;}\">\n\t\t\t\t\t<div class=\"e-con-inner\">\n\t\t\t\t<div class=\"elementor-element elementor-element-2b48c48 elementor-widget-mobile__width-inherit elementor-widget__width-initial elementor-widget elementor-widget-heading\" data-id=\"2b48c48\" data-element_type=\"widget\" data-e-type=\"widget\" data-widget_type=\"heading.default\">\n\t\t\t\t\t<h1 class=\"elementor-heading-title elementor-size-default\">La gran pregunta\n\u00bfPor qu\u00e9 regalar?<\/h1>\t\t\t\t<\/div>\n\t\t\t\t<div class=\"elementor-element elementor-element-4f08f70 elementor-widget__width-initial elementor-widget-mobile__width-inherit elementor-widget elementor-widget-heading\" data-id=\"4f08f70\" data-element_type=\"widget\" data-e-type=\"widget\" data-widget_type=\"heading.default\">\n\t\t\t\t\t<h2 class=\"elementor-heading-title elementor-size-default\">\u00bfPor qu\u00e9 es importante conectar con el usuario? \u00bfPor qu\u00e9 debemos escoger un producto promocional o un regalo corporativo?<\/h2>\t\t\t\t<\/div>\n\t\t\t\t<div class=\"elementor-element elementor-element-aee4372 elementor-widget elementor-widget-spacer\" data-id=\"aee4372\" data-element_type=\"widget\" data-e-type=\"widget\" data-widget_type=\"spacer.default\">\n\t\t\t\t\t\t\t<div class=\"elementor-spacer\">\n\t\t\t<div class=\"elementor-spacer-inner\"><\/div>\n\t\t<\/div>\n\t\t\t\t\t\t<\/div>\n\t\t\t\t\t<\/div>\n\t\t\t\t<\/div>\n\t\t\t\t\t<\/div>\n\t\t\t\t<\/div>\n\t\t<div class=\"elementor-element elementor-element-6720e14 e-flex e-con-boxed e-con e-parent\" data-id=\"6720e14\" data-element_type=\"container\" data-e-type=\"container\" data-settings=\"{&quot;background_background&quot;:&quot;classic&quot;}\">\n\t\t\t\t\t<div class=\"e-con-inner\">\n\t\t<div class=\"elementor-element elementor-element-8b94520 e-con-full e-flex e-con e-child\" data-id=\"8b94520\" data-element_type=\"container\" data-e-type=\"container\">\n\t\t<div class=\"elementor-element elementor-element-22c3af8 e-con-full e-flex e-con e-child\" data-id=\"22c3af8\" data-element_type=\"container\" data-e-type=\"container\">\n\t\t\t\t<div class=\"elementor-element elementor-element-8a697ee elementor-widget__width-initial elementor-widget-tablet__width-inherit elementor-widget elementor-widget-heading\" data-id=\"8a697ee\" data-element_type=\"widget\" data-e-type=\"widget\" data-widget_type=\"heading.default\">\n\t\t\t\t\t<h2 class=\"elementor-heading-title elementor-size-default\">El 89% de los consumidores<\/h2>\t\t\t\t<\/div>\n\t\t\t\t<div class=\"elementor-element elementor-element-789836d elementor-widget__width-initial elementor-widget elementor-widget-text-editor\" data-id=\"789836d\" data-element_type=\"widget\" data-e-type=\"widget\" data-widget_type=\"text-editor.default\">\n\t\t\t\t\t\t\t\t\t<p>se acuerdan de la empresa anunciante despu\u00e9s de 2 a\u00f1os de haber adquirido el regalo.<\/p>\t\t\t\t\t\t\t\t<\/div>\n\t\t\t\t<\/div>\n\t\t<div class=\"elementor-element elementor-element-87b762f e-con-full e-flex e-con e-child\" data-id=\"87b762f\" data-element_type=\"container\" data-e-type=\"container\">\n\t\t\t\t<div class=\"elementor-element elementor-element-a577bdb elementor-widget__width-initial elementor-widget-tablet__width-inherit elementor-widget elementor-widget-heading\" data-id=\"a577bdb\" data-element_type=\"widget\" data-e-type=\"widget\" data-widget_type=\"heading.default\">\n\t\t\t\t\t<h2 class=\"elementor-heading-title elementor-size-default\">Recibimos m\u00e1s de 3.000 impactos <\/h2>\t\t\t\t<\/div>\n\t\t\t\t<div class=\"elementor-element elementor-element-40ed9fd elementor-widget__width-initial elementor-widget elementor-widget-text-editor\" data-id=\"40ed9fd\" data-element_type=\"widget\" data-e-type=\"widget\" data-widget_type=\"text-editor.default\">\n\t\t\t\t\t\t\t\t\t<p>publicitarios al d\u00eda, dificultando el recuerdo de las marcas.<\/p>\t\t\t\t\t\t\t\t<\/div>\n\t\t\t\t<\/div>\n\t\t\t\t<\/div>\n\t\t<div class=\"elementor-element elementor-element-343189f e-con-full e-flex e-con e-child\" data-id=\"343189f\" data-element_type=\"container\" data-e-type=\"container\">\n\t\t<div class=\"elementor-element elementor-element-5c55526 e-con-full elementor-hidden-mobile e-flex e-con e-child\" data-id=\"5c55526\" data-element_type=\"container\" data-e-type=\"container\">\n\t\t\t\t<div class=\"elementor-element elementor-element-683ef46 elementor-widget elementor-widget-image\" data-id=\"683ef46\" data-element_type=\"widget\" data-e-type=\"widget\" data-widget_type=\"image.default\">\n\t\t\t\t\t\t\t\t\t\t\t\t\t\t\t<img decoding=\"async\" width=\"231\" height=\"115\" src=\"https:\/\/www.prosersa.net\/wp-content\/uploads\/2024\/10\/flecha1-porque.svg\" class=\"attachment-large size-large wp-image-159\" alt=\"\" \/>\t\t\t\t\t\t\t\t\t\t\t\t\t\t\t<\/div>\n\t\t\t\t<\/div>\n\t\t<div class=\"elementor-element elementor-element-00c249e e-con-full elementor-hidden-desktop elementor-hidden-tablet e-flex e-con e-child\" data-id=\"00c249e\" data-element_type=\"container\" data-e-type=\"container\">\n\t\t\t\t<div class=\"elementor-element elementor-element-7405fae elementor-widget elementor-widget-image\" data-id=\"7405fae\" data-element_type=\"widget\" data-e-type=\"widget\" data-widget_type=\"image.default\">\n\t\t\t\t\t\t\t\t\t\t\t\t\t\t\t<img decoding=\"async\" width=\"87\" height=\"138\" src=\"https:\/\/www.prosersa.net\/wp-content\/uploads\/2024\/10\/flecha3-porque.svg\" class=\"attachment-large size-large wp-image-161\" alt=\"\" \/>\t\t\t\t\t\t\t\t\t\t\t\t\t\t\t<\/div>\n\t\t\t\t<\/div>\n\t\t<div class=\"elementor-element elementor-element-7b9780b e-con-full e-flex e-con e-child\" data-id=\"7b9780b\" data-element_type=\"container\" data-e-type=\"container\">\n\t\t\t\t<div class=\"elementor-element elementor-element-cff6c7c elementor-widget elementor-widget-image\" data-id=\"cff6c7c\" data-element_type=\"widget\" data-e-type=\"widget\" data-widget_type=\"image.default\">\n\t\t\t\t\t\t\t\t\t\t\t\t\t\t\t<img fetchpriority=\"high\" decoding=\"async\" width=\"800\" height=\"653\" src=\"https:\/\/www.prosersa.net\/wp-content\/uploads\/2024\/10\/Logo-granate-Vertical-v2-1024x836.png\" class=\"attachment-large size-large wp-image-1368\" alt=\"\" srcset=\"https:\/\/www.prosersa.net\/wp-content\/uploads\/2024\/10\/Logo-granate-Vertical-v2-1024x836.png 1024w, https:\/\/www.prosersa.net\/wp-content\/uploads\/2024\/10\/Logo-granate-Vertical-v2-300x245.png 300w, https:\/\/www.prosersa.net\/wp-content\/uploads\/2024\/10\/Logo-granate-Vertical-v2-768x627.png 768w, https:\/\/www.prosersa.net\/wp-content\/uploads\/2024\/10\/Logo-granate-Vertical-v2-1536x1254.png 1536w, https:\/\/www.prosersa.net\/wp-content\/uploads\/2024\/10\/Logo-granate-Vertical-v2-2048x1672.png 2048w, https:\/\/www.prosersa.net\/wp-content\/uploads\/2024\/10\/Logo-granate-Vertical-v2-15x12.png 15w, https:\/\/www.prosersa.net\/wp-content\/uploads\/2024\/10\/Logo-granate-Vertical-v2-600x490.png 600w\" sizes=\"(max-width: 800px) 100vw, 800px\" \/>\t\t\t\t\t\t\t\t\t\t\t\t\t\t\t<\/div>\n\t\t\t\t<\/div>\n\t\t<div class=\"elementor-element elementor-element-7a66d11 e-con-full elementor-hidden-mobile e-flex e-con e-child\" data-id=\"7a66d11\" data-element_type=\"container\" data-e-type=\"container\">\n\t\t\t\t<div class=\"elementor-element elementor-element-817b5e1 elementor-widget elementor-widget-image\" data-id=\"817b5e1\" data-element_type=\"widget\" data-e-type=\"widget\" data-widget_type=\"image.default\">\n\t\t\t\t\t\t\t\t\t\t\t\t\t\t\t<img loading=\"lazy\" decoding=\"async\" width=\"231\" height=\"115\" src=\"https:\/\/www.prosersa.net\/wp-content\/uploads\/2024\/10\/flecha2-porque.svg\" class=\"attachment-large size-large wp-image-160\" alt=\"\" \/>\t\t\t\t\t\t\t\t\t\t\t\t\t\t\t<\/div>\n\t\t\t\t<\/div>\n\t\t\t\t<\/div>\n\t\t<div class=\"elementor-element elementor-element-7bafaa7 e-con-full e-flex e-con e-child\" data-id=\"7bafaa7\" data-element_type=\"container\" data-e-type=\"container\">\n\t\t<div class=\"elementor-element elementor-element-93b7581 e-con-full elementor-hidden-mobile e-flex e-con e-child\" data-id=\"93b7581\" data-element_type=\"container\" data-e-type=\"container\">\n\t\t\t\t<\/div>\n\t\t<div class=\"elementor-element elementor-element-5d8c58b e-con-full e-flex e-con e-child\" data-id=\"5d8c58b\" data-element_type=\"container\" data-e-type=\"container\">\n\t\t\t\t<div class=\"elementor-element elementor-element-a8efa6c elementor-widget elementor-widget-image\" data-id=\"a8efa6c\" data-element_type=\"widget\" data-e-type=\"widget\" data-widget_type=\"image.default\">\n\t\t\t\t\t\t\t\t\t\t\t\t\t\t\t<img decoding=\"async\" width=\"87\" height=\"138\" src=\"https:\/\/www.prosersa.net\/wp-content\/uploads\/2024\/10\/flecha3-porque.svg\" class=\"attachment-large size-large wp-image-161\" alt=\"\" \/>\t\t\t\t\t\t\t\t\t\t\t\t\t\t\t<\/div>\n\t\t\t\t<div class=\"elementor-element elementor-element-95aaf64 elementor-widget__width-initial elementor-widget-tablet__width-inherit elementor-widget elementor-widget-heading\" data-id=\"95aaf64\" data-element_type=\"widget\" data-e-type=\"widget\" data-widget_type=\"heading.default\">\n\t\t\t\t\t<h2 class=\"elementor-heading-title elementor-size-default\">6 de cada 10 personas<\/h2>\t\t\t\t<\/div>\n\t\t\t\t<div class=\"elementor-element elementor-element-2c16ba3 elementor-widget__width-initial elementor-widget elementor-widget-text-editor\" data-id=\"2c16ba3\" data-element_type=\"widget\" data-e-type=\"widget\" data-widget_type=\"text-editor.default\">\n\t\t\t\t\t\t\t\t\t<p>guardan los articulos durante + de 2 a\u00f1os.<\/p>\t\t\t\t\t\t\t\t<\/div>\n\t\t\t\t<\/div>\n\t\t<div class=\"elementor-element elementor-element-bf9b929 e-con-full e-flex e-con e-child\" data-id=\"bf9b929\" data-element_type=\"container\" data-e-type=\"container\">\n\t\t\t\t<\/div>\n\t\t\t\t<\/div>\n\t\t\t\t\t<\/div>\n\t\t\t\t<\/div>\n\t\t<div class=\"elementor-element elementor-element-6c08581 e-flex e-con-boxed e-con e-parent\" data-id=\"6c08581\" data-element_type=\"container\" data-e-type=\"container\" data-settings=\"{&quot;background_background&quot;:&quot;classic&quot;}\">\n\t\t\t\t\t<div class=\"e-con-inner\">\n\t\t<div class=\"elementor-element elementor-element-339e689 e-con-full e-flex e-con e-child\" data-id=\"339e689\" data-element_type=\"container\" data-e-type=\"container\" data-settings=\"{&quot;background_background&quot;:&quot;classic&quot;}\">\n\t\t<div class=\"elementor-element elementor-element-6aa5c3e e-con-full e-flex e-con e-child\" data-id=\"6aa5c3e\" data-element_type=\"container\" data-e-type=\"container\">\n\t\t\t\t<div class=\"elementor-element elementor-element-a60a248 elementor-widget elementor-widget-heading\" data-id=\"a60a248\" data-element_type=\"widget\" data-e-type=\"widget\" data-widget_type=\"heading.default\">\n\t\t\t\t\t<h2 class=\"elementor-heading-title elementor-size-default\">\u00bfQu\u00e9 importancia tiene un art\u00edculo promocional?<\/h2>\t\t\t\t<\/div>\n\t\t\t\t<div class=\"elementor-element elementor-element-409bc79 elementor-widget elementor-widget-text-editor\" data-id=\"409bc79\" data-element_type=\"widget\" data-e-type=\"widget\" data-widget_type=\"text-editor.default\">\n\t\t\t\t\t\t\t\t\t<p>A diferencia del marketing, los art\u00edculos tangibles generan experiencias. Se pueden tocar e interactuar con ellos directamente, lo que significa que siempre generar\u00e1s una emoci\u00f3n como respuesta. Cuanto mejor sea esa interacci\u00f3n, m\u00e1s perdurar\u00e1 en la memoria de tu p\u00fablico. <br \/><br \/>\u00bfQui\u00e9n recuerda haber jugado en la playa con las palas de esa crema solar que compraste, o incluso jugar con la pelota hinchable que ven\u00eda con el helado de tu hij@? Los clientes suelen almacenar el merchandising durante 2 a\u00f1os de promedio. \u00a1Imagina el impacto que la marca puede tener al haberse ganado un hueco en sus hogares! <br \/><br \/><br \/>\u00bfTe lo contamos?<\/p>\t\t\t\t\t\t\t\t<\/div>\n\t\t\t\t<div class=\"elementor-element elementor-element-469755f btn_default elementor-align-center elementor-widget elementor-widget-button\" data-id=\"469755f\" data-element_type=\"widget\" data-e-type=\"widget\" data-widget_type=\"button.default\">\n\t\t\t\t\t\t\t\t\t\t<a class=\"elementor-button elementor-button-link elementor-size-sm\" href=\"https:\/\/www.prosersa.net\/contacto\/\">\n\t\t\t\t\t\t<span class=\"elementor-button-content-wrapper\">\n\t\t\t\t\t\t<span class=\"elementor-button-icon\">\n\t\t\t\t<svg xmlns=\"http:\/\/www.w3.org\/2000\/svg\" width=\"33\" height=\"33\" viewBox=\"0 0 33 33\" fill=\"none\"><path d=\"M28.28 16.938L19.28 25.938C19.1378 26.0704 18.9498 26.1426 18.7555 26.1391C18.5612 26.1357 18.3758 26.057 18.2384 25.9196C18.101 25.7822 18.0223 25.5968 18.0188 25.4025C18.0154 25.2082 18.0875 25.0201 18.22 24.878L25.9387 17.158H5.75C5.55109 17.158 5.36032 17.0789 5.21967 16.9383C5.07902 16.7976 5 16.6069 5 16.408C5 16.209 5.07902 16.0183 5.21967 15.8776C5.36032 15.737 5.55109 15.658 5.75 15.658H25.9387L18.22 7.93796C18.0875 7.79578 18.0154 7.60774 18.0188 7.41344C18.0223 7.21913 18.101 7.03375 18.2384 6.89634C18.3758 6.75892 18.5612 6.68021 18.7555 6.67678C18.9498 6.67335 19.1378 6.74548 19.28 6.87796L28.28 15.878C28.4205 16.0186 28.4993 16.2092 28.4993 16.408C28.4993 16.6067 28.4205 16.7973 28.28 16.938Z\" fill=\"white\"><\/path><\/svg>\t\t\t<\/span>\n\t\t\t\t\t\t\t\t\t<span class=\"elementor-button-text\">CONT\u00c1CTANOS<\/span>\n\t\t\t\t\t<\/span>\n\t\t\t\t\t<\/a>\n\t\t\t\t\t\t\t\t<\/div>\n\t\t\t\t<\/div>\n\t\t\t\t<\/div>\n\t\t\t\t<div class=\"elementor-element elementor-element-0c3c7bb elementor-absolute elementor-widget elementor-widget-image\" data-id=\"0c3c7bb\" data-element_type=\"widget\" data-e-type=\"widget\" data-settings=\"{&quot;_position&quot;:&quot;absolute&quot;}\" data-widget_type=\"image.default\">\n\t\t\t\t\t\t\t\t\t\t\t\t\t\t\t<img loading=\"lazy\" decoding=\"async\" width=\"800\" height=\"1020\" src=\"https:\/\/www.prosersa.net\/wp-content\/uploads\/2024\/10\/fondo_circulos.svg\" class=\"attachment-large size-large wp-image-116\" alt=\"Fondo circulos\" \/>\t\t\t\t\t\t\t\t\t\t\t\t\t\t\t<\/div>\n\t\t\t\t\t<\/div>\n\t\t\t\t<\/div>\n\t\t\t\t<\/div>\n\t\t","protected":false},"excerpt":{"rendered":"<p>La gran pregunta \u00bfPor qu\u00e9 regalar? \u00bfPor qu\u00e9 es importante conectar con el usuario? \u00bfPor qu\u00e9 debemos escoger un producto promocional o un regalo corporativo? El 89% de los consumidores se acuerdan de la empresa anunciante despu\u00e9s de 2 a\u00f1os de haber adquirido el regalo. Recibimos m\u00e1s de 3.000 impactos publicitarios al d\u00eda, dificultando el [&hellip;]<\/p>\n","protected":false},"author":2,"featured_media":0,"parent":0,"menu_order":0,"comment_status":"closed","ping_status":"open","template":"","meta":{"footnotes":""},"class_list":["post-155","page","type-page","status-publish","hentry"],"yoast_head":"<!-- This site is optimized with the Yoast SEO Premium plugin v23.3 (Yoast SEO v27.3) - https:\/\/yoast.com\/product\/yoast-seo-premium-wordpress\/ -->\n<title>\u00bfPOR QU\u00c9 REGALAR? - Prosersa<\/title>\n<meta name=\"robots\" content=\"index, follow, max-snippet:-1, max-image-preview:large, max-video-preview:-1\" \/>\n<link rel=\"canonical\" href=\"https:\/\/www.prosersa.net\/en\/why-give\/\" \/>\n<meta property=\"og:locale\" content=\"en_GB\" \/>\n<meta property=\"og:type\" content=\"article\" \/>\n<meta property=\"og:title\" content=\"\u00bfPOR QU\u00c9 REGALAR?\" \/>\n<meta property=\"og:description\" content=\"La gran pregunta \u00bfPor qu\u00e9 regalar? \u00bfPor qu\u00e9 es importante conectar con el usuario? \u00bfPor qu\u00e9 debemos escoger un producto promocional o un regalo corporativo? El 89% de los consumidores se acuerdan de la empresa anunciante despu\u00e9s de 2 a\u00f1os de haber adquirido el regalo. Recibimos m\u00e1s de 3.000 impactos publicitarios al d\u00eda, dificultando el [&hellip;]\" \/>\n<meta property=\"og:url\" content=\"https:\/\/www.prosersa.net\/en\/why-give\/\" \/>\n<meta property=\"og:site_name\" content=\"Prosersa\" \/>\n<meta property=\"article:modified_time\" content=\"2025-05-05T13:41:10+00:00\" \/>\n<meta name=\"twitter:card\" content=\"summary_large_image\" \/>\n<meta name=\"twitter:label1\" content=\"Estimated reading time\" \/>\n\t<meta name=\"twitter:data1\" content=\"3 minutes\" \/>\n<script type=\"application\/ld+json\" class=\"yoast-schema-graph\">{\"@context\":\"https:\\\/\\\/schema.org\",\"@graph\":[{\"@type\":\"WebPage\",\"@id\":\"https:\\\/\\\/www.prosersa.net\\\/por-que-regalar\\\/\",\"url\":\"https:\\\/\\\/www.prosersa.net\\\/por-que-regalar\\\/\",\"name\":\"\u00bfPOR QU\u00c9 REGALAR? - Prosersa\",\"isPartOf\":{\"@id\":\"https:\\\/\\\/www.prosersa.net\\\/#website\"},\"primaryImageOfPage\":{\"@id\":\"https:\\\/\\\/www.prosersa.net\\\/por-que-regalar\\\/#primaryimage\"},\"image\":{\"@id\":\"https:\\\/\\\/www.prosersa.net\\\/por-que-regalar\\\/#primaryimage\"},\"thumbnailUrl\":\"https:\\\/\\\/www.prosersa.net\\\/wp-content\\\/uploads\\\/2024\\\/10\\\/flecha1-porque.svg\",\"datePublished\":\"2024-10-29T12:25:10+00:00\",\"dateModified\":\"2025-05-05T13:41:10+00:00\",\"breadcrumb\":{\"@id\":\"https:\\\/\\\/www.prosersa.net\\\/por-que-regalar\\\/#breadcrumb\"},\"inLanguage\":\"en-GB\",\"potentialAction\":[{\"@type\":\"ReadAction\",\"target\":[\"https:\\\/\\\/www.prosersa.net\\\/por-que-regalar\\\/\"]}]},{\"@type\":\"ImageObject\",\"inLanguage\":\"en-GB\",\"@id\":\"https:\\\/\\\/www.prosersa.net\\\/por-que-regalar\\\/#primaryimage\",\"url\":\"https:\\\/\\\/www.prosersa.net\\\/wp-content\\\/uploads\\\/2024\\\/10\\\/flecha1-porque.svg\",\"contentUrl\":\"https:\\\/\\\/www.prosersa.net\\\/wp-content\\\/uploads\\\/2024\\\/10\\\/flecha1-porque.svg\"},{\"@type\":\"BreadcrumbList\",\"@id\":\"https:\\\/\\\/www.prosersa.net\\\/por-que-regalar\\\/#breadcrumb\",\"itemListElement\":[{\"@type\":\"ListItem\",\"position\":1,\"name\":\"Portada\",\"item\":\"https:\\\/\\\/www.prosersa.net\\\/\"},{\"@type\":\"ListItem\",\"position\":2,\"name\":\"\u00bfPOR QU\u00c9 REGALAR?\"}]},{\"@type\":\"WebSite\",\"@id\":\"https:\\\/\\\/www.prosersa.net\\\/#website\",\"url\":\"https:\\\/\\\/www.prosersa.net\\\/\",\"name\":\"Prosersa\",\"description\":\"Regalos publicitarios y art\u00edculos promocionales\",\"publisher\":{\"@id\":\"https:\\\/\\\/www.prosersa.net\\\/#organization\"},\"potentialAction\":[{\"@type\":\"SearchAction\",\"target\":{\"@type\":\"EntryPoint\",\"urlTemplate\":\"https:\\\/\\\/www.prosersa.net\\\/?s={search_term_string}\"},\"query-input\":{\"@type\":\"PropertyValueSpecification\",\"valueRequired\":true,\"valueName\":\"search_term_string\"}}],\"inLanguage\":\"en-GB\"},{\"@type\":\"Organization\",\"@id\":\"https:\\\/\\\/www.prosersa.net\\\/#organization\",\"name\":\"Prosersa\",\"url\":\"https:\\\/\\\/www.prosersa.net\\\/\",\"logo\":{\"@type\":\"ImageObject\",\"inLanguage\":\"en-GB\",\"@id\":\"https:\\\/\\\/www.prosersa.net\\\/#\\\/schema\\\/logo\\\/image\\\/\",\"url\":\"https:\\\/\\\/www.prosersa.net\\\/wp-content\\\/uploads\\\/2024\\\/10\\\/Logo-granate-Horizontal-v2.png\",\"contentUrl\":\"https:\\\/\\\/www.prosersa.net\\\/wp-content\\\/uploads\\\/2024\\\/10\\\/Logo-granate-Horizontal-v2.png\",\"width\":2494,\"height\":1063,\"caption\":\"Prosersa\"},\"image\":{\"@id\":\"https:\\\/\\\/www.prosersa.net\\\/#\\\/schema\\\/logo\\\/image\\\/\"}}]}<\/script>\n<!-- \/ Yoast SEO Premium plugin. -->","yoast_head_json":{"title":"WHY GIVE? - Prosersa","robots":{"index":"index","follow":"follow","max-snippet":"max-snippet:-1","max-image-preview":"max-image-preview:large","max-video-preview":"max-video-preview:-1"},"canonical":"https:\/\/www.prosersa.net\/en\/why-give\/","og_locale":"en_GB","og_type":"article","og_title":"\u00bfPOR QU\u00c9 REGALAR?","og_description":"La gran pregunta \u00bfPor qu\u00e9 regalar? \u00bfPor qu\u00e9 es importante conectar con el usuario? \u00bfPor qu\u00e9 debemos escoger un producto promocional o un regalo corporativo? El 89% de los consumidores se acuerdan de la empresa anunciante despu\u00e9s de 2 a\u00f1os de haber adquirido el regalo. Recibimos m\u00e1s de 3.000 impactos publicitarios al d\u00eda, dificultando el [&hellip;]","og_url":"https:\/\/www.prosersa.net\/en\/why-give\/","og_site_name":"Prosersa","article_modified_time":"2025-05-05T13:41:10+00:00","twitter_card":"summary_large_image","twitter_misc":{"Estimated reading time":"3 minutes"},"schema":{"@context":"https:\/\/schema.org","@graph":[{"@type":"WebPage","@id":"https:\/\/www.prosersa.net\/por-que-regalar\/","url":"https:\/\/www.prosersa.net\/por-que-regalar\/","name":"WHY GIVE? - Prosersa","isPartOf":{"@id":"https:\/\/www.prosersa.net\/#website"},"primaryImageOfPage":{"@id":"https:\/\/www.prosersa.net\/por-que-regalar\/#primaryimage"},"image":{"@id":"https:\/\/www.prosersa.net\/por-que-regalar\/#primaryimage"},"thumbnailUrl":"https:\/\/www.prosersa.net\/wp-content\/uploads\/2024\/10\/flecha1-porque.svg","datePublished":"2024-10-29T12:25:10+00:00","dateModified":"2025-05-05T13:41:10+00:00","breadcrumb":{"@id":"https:\/\/www.prosersa.net\/por-que-regalar\/#breadcrumb"},"inLanguage":"en-GB","potentialAction":[{"@type":"ReadAction","target":["https:\/\/www.prosersa.net\/por-que-regalar\/"]}]},{"@type":"ImageObject","inLanguage":"en-GB","@id":"https:\/\/www.prosersa.net\/por-que-regalar\/#primaryimage","url":"https:\/\/www.prosersa.net\/wp-content\/uploads\/2024\/10\/flecha1-porque.svg","contentUrl":"https:\/\/www.prosersa.net\/wp-content\/uploads\/2024\/10\/flecha1-porque.svg"},{"@type":"BreadcrumbList","@id":"https:\/\/www.prosersa.net\/por-que-regalar\/#breadcrumb","itemListElement":[{"@type":"ListItem","position":1,"name":"Portada","item":"https:\/\/www.prosersa.net\/"},{"@type":"ListItem","position":2,"name":"\u00bfPOR QU\u00c9 REGALAR?"}]},{"@type":"WebSite","@id":"https:\/\/www.prosersa.net\/#website","url":"https:\/\/www.prosersa.net\/","name":"Prosersa","description":"Advertising gifts and promotional items","publisher":{"@id":"https:\/\/www.prosersa.net\/#organization"},"potentialAction":[{"@type":"SearchAction","target":{"@type":"EntryPoint","urlTemplate":"https:\/\/www.prosersa.net\/?s={search_term_string}"},"query-input":{"@type":"PropertyValueSpecification","valueRequired":true,"valueName":"search_term_string"}}],"inLanguage":"en-GB"},{"@type":"Organization","@id":"https:\/\/www.prosersa.net\/#organization","name":"Prosersa","url":"https:\/\/www.prosersa.net\/","logo":{"@type":"ImageObject","inLanguage":"en-GB","@id":"https:\/\/www.prosersa.net\/#\/schema\/logo\/image\/","url":"https:\/\/www.prosersa.net\/wp-content\/uploads\/2024\/10\/Logo-granate-Horizontal-v2.png","contentUrl":"https:\/\/www.prosersa.net\/wp-content\/uploads\/2024\/10\/Logo-granate-Horizontal-v2.png","width":2494,"height":1063,"caption":"Prosersa"},"image":{"@id":"https:\/\/www.prosersa.net\/#\/schema\/logo\/image\/"}}]}},"_links":{"self":[{"href":"https:\/\/www.prosersa.net\/en\/wp-json\/wp\/v2\/pages\/155","targetHints":{"allow":["GET"]}}],"collection":[{"href":"https:\/\/www.prosersa.net\/en\/wp-json\/wp\/v2\/pages"}],"about":[{"href":"https:\/\/www.prosersa.net\/en\/wp-json\/wp\/v2\/types\/page"}],"author":[{"embeddable":true,"href":"https:\/\/www.prosersa.net\/en\/wp-json\/wp\/v2\/users\/2"}],"replies":[{"embeddable":true,"href":"https:\/\/www.prosersa.net\/en\/wp-json\/wp\/v2\/comments?post=155"}],"version-history":[{"count":34,"href":"https:\/\/www.prosersa.net\/en\/wp-json\/wp\/v2\/pages\/155\/revisions"}],"predecessor-version":[{"id":1379,"href":"https:\/\/www.prosersa.net\/en\/wp-json\/wp\/v2\/pages\/155\/revisions\/1379"}],"wp:attachment":[{"href":"https:\/\/www.prosersa.net\/en\/wp-json\/wp\/v2\/media?parent=155"}],"curies":[{"name":"wp","href":"https:\/\/api.w.org\/{rel}","templated":true}]}}