{"id":435,"date":"2024-11-25T21:36:38","date_gmt":"2024-11-25T20:36:38","guid":{"rendered":"https:\/\/www.prosersa.net\/?page_id=435"},"modified":"2024-12-30T14:19:04","modified_gmt":"2024-12-30T13:19:04","slug":"cookie-policy","status":"publish","type":"page","link":"https:\/\/www.prosersa.net\/en\/cookie-policy\/","title":{"rendered":"Cookies policy"},"content":{"rendered":"<div data-elementor-type=\"wp-page\" data-elementor-id=\"435\" class=\"elementor elementor-435\" data-elementor-post-type=\"page\">\n\t\t\t\t<div class=\"elementor-element elementor-element-46772042 e-flex e-con-boxed e-con e-parent\" data-id=\"46772042\" data-element_type=\"container\" data-e-type=\"container\" data-settings=\"{&quot;background_background&quot;:&quot;classic&quot;}\">\n\t\t\t\t\t<div class=\"e-con-inner\">\n\t\t\t\t<div class=\"elementor-element elementor-element-8110b52 elementor-widget elementor-widget-heading\" data-id=\"8110b52\" data-element_type=\"widget\" data-e-type=\"widget\" data-widget_type=\"heading.default\">\n\t\t\t\t\t<h1 class=\"elementor-heading-title elementor-size-default\">Cookie Policy<\/h1>\t\t\t\t<\/div>\n\t\t\t\t<div class=\"elementor-element elementor-element-11314932 elementor-widget elementor-widget-text-editor\" data-id=\"11314932\" data-element_type=\"widget\" data-e-type=\"widget\" data-widget_type=\"text-editor.default\">\n\t\t\t\t\t\t\t\t\t\n<p>Most websites use cookies to make browsing easier for the user and Printulogo does the same.<\/p>\n\n<p>What is a cookie?\u00a0<\/p>\n\n<p>A cookie is a small text file that is placed on your computer when you first visit a website. There is a folder on each computer that stores all the cookies that are placed. Please note that there can be NO virus in a cookie.<\/p>\n\n<p>What is it for?\u00a0<\/p>\n\n<p>It is used so that when you return to the website we can offer you the information you are most interested in, as it stores information about a user.<\/p>\n\n<p>What data is stored in Printulogo cookies?\u00a0<\/p>\n\n<p>Only an identifier that allows us to recognise the device you are browsing with in order to show you the most relevant information based on the behaviour of previous visits (pages viewed, date and time, etc.). This identifier is not associated at any time with personal data.<\/p>\n\n<p>What do we do with this information?\u00a0<\/p>\n\n<p>Thanks to the cookie, if you have chosen a favourite shop, you will be able to obtain information from the shop as soon as you enter the website, and you will also receive personalised newsletters. We also use the information stored in cookies for remarketing, which allows us to show you in our advertisements those products that may be of most interest to you. This technology is implemented through Google Analytics functionality for Display Network advertisers. If you wish to disable this personalised ads option you can do so by clicking on the following link: Ads Preferences Manager. And if you want to directly disable any possibility of recording your visits through Google Analytics, you can do so by installing the Google Analytics Opt-out Browser Add-on.<\/p>\n\n<p>GOOGLE ANALYTICS<\/p>\n\n<p>The website uses Google Analytics, a web analytics service provided by Google, Inc (\"Google\"). Google Analytics uses cookies, which are text files placed on your computer, to help the website analyse how users use the website. The information generated by the cookie about your use of the website (including your IP address) will be transmitted to and stored by Google on servers in the United States. Google will not associate your IP address with any other data held by Google. You may refuse the use of cookies by selecting the appropriate settings on your browser, however please note that if you do this you may not be able to use the full functionality of this website. For more information about Google Analytics click here:\u00a0<a href=\"https:\/\/developers.google.com\/analytics\/devguides\/collection\/analyticsjs\/cookie-usage\">https:\/\/developers.google.com\/analytics\/devguides\/collection\/analyticsjs\/cookie-usage<\/a><\/p>\n\n<p>In addition, you can prevent the recording of the data provided by the cookie to Google about your use of the website (including your IP address) and the processing of these data by Google by downloading and installing the browser plug-in available via the following link on your computer:\u00a0<a href=\"https:\/\/tools.google.com\/dlpage\/gaoptout?hl=es\">https:\/\/tools.google.com\/dlpage\/gaoptout?hl=es<\/a><\/p>\n\n<p>You can allow, block or delete the cookies installed on your computer by configuring the browser options installed on your computer.<\/p>\n\n<p>For more information on Firefox click here:\u00a0<a href=\"http:\/\/support.mozilla.org\/es\/kb\/cookies-informacion-que-los-sitios-web-guardan-en-#w_configurar-las-cookies\">http:\/\/support.mozilla.org\/es\/kb\/cookies-informacion-que-los-sitios-web-guardan-en-#w_configurar-las-cookies<\/a><\/p>\n\n<p>For more information on Chrome click here:\u00a0<a href=\"http:\/\/support.google.com\/chrome\/bin\/answer.py?hl=es&amp;answer=95647\">http:\/\/support.google.com\/chrome\/bin\/answer.py?hl=es&amp;answer=95647<\/a><\/p>\n\n<p>For more information on Explorer click here:\u00a0<a href=\"http:\/\/windows.microsoft.com\/es-es\/windows7\/how-to-manage-cookies-in-internet-explorer-9\">http:\/\/windows.microsoft.com\/es-es\/windows7\/how-to-manage-cookies-in-internet-explorer-9<\/a><\/p>\n\n<p>For more information on Safari click here:\u00a0<a href=\"http:\/\/support.apple.com\/kb\/ph5042\">http:\/\/support.apple.com\/kb\/ph5042<\/a><\/p>\n\n<p>For more information on Opera click here:\u00a0<a href=\"http:\/\/help.opera.com\/Windows\/11.50\/es-ES\/cookies.html\">http:\/\/help.opera.com\/Windows\/11.50\/es-ES\/cookies.html<\/a><\/p>\n\t\t\t\t\t\t\t\t<\/div>\n\t\t\t\t\t<\/div>\n\t\t\t\t<\/div>\n\t\t\t\t<\/div>","protected":false},"excerpt":{"rendered":"<p>pol\u00edtica de Cookies En la mayor\u00eda de p\u00e1ginas web se utilizan cookies para facilitar la navegaci\u00f3n al usuario y en Printulogo\u00a0 tambi\u00e9n lo hacemos. \u00bfQu\u00e9 es una cookie?\u00a0 Una cookie es un peque\u00f1o archivo de texto que se introduce en su ordenador la primera vez que visita una p\u00e1gina. En cada ordenador hay una carpeta [&hellip;]<\/p>\n","protected":false},"author":2,"featured_media":0,"parent":0,"menu_order":0,"comment_status":"closed","ping_status":"closed","template":"","meta":{"footnotes":""},"class_list":["post-435","page","type-page","status-publish","hentry"],"yoast_head":"<!-- This site is optimized with the Yoast SEO Premium plugin v23.3 (Yoast SEO v27.3) - https:\/\/yoast.com\/product\/yoast-seo-premium-wordpress\/ -->\n<title>Pol\u00edtica de cookies - Prosersa<\/title>\n<meta name=\"robots\" content=\"index, follow, max-snippet:-1, max-image-preview:large, max-video-preview:-1\" \/>\n<link rel=\"canonical\" href=\"https:\/\/www.prosersa.net\/en\/cookie-policy\/\" \/>\n<meta property=\"og:locale\" content=\"en_GB\" \/>\n<meta property=\"og:type\" content=\"article\" \/>\n<meta property=\"og:title\" content=\"Pol\u00edtica de cookies\" \/>\n<meta property=\"og:description\" content=\"pol\u00edtica de Cookies En la mayor\u00eda de p\u00e1ginas web se utilizan cookies para facilitar la navegaci\u00f3n al usuario y en Printulogo\u00a0 tambi\u00e9n lo hacemos. \u00bfQu\u00e9 es una cookie?\u00a0 Una cookie es un peque\u00f1o archivo de texto que se introduce en su ordenador la primera vez que visita una p\u00e1gina. En cada ordenador hay una carpeta [&hellip;]\" \/>\n<meta property=\"og:url\" content=\"https:\/\/www.prosersa.net\/en\/cookie-policy\/\" \/>\n<meta property=\"og:site_name\" content=\"Prosersa\" \/>\n<meta property=\"article:modified_time\" content=\"2024-12-30T13:19:04+00:00\" \/>\n<meta name=\"twitter:card\" content=\"summary_large_image\" \/>\n<meta name=\"twitter:label1\" content=\"Estimated reading time\" \/>\n\t<meta name=\"twitter:data1\" content=\"3 minutes\" \/>\n<script type=\"application\/ld+json\" class=\"yoast-schema-graph\">{\"@context\":\"https:\\\/\\\/schema.org\",\"@graph\":[{\"@type\":\"WebPage\",\"@id\":\"https:\\\/\\\/www.prosersa.net\\\/politica-de-cookies\\\/\",\"url\":\"https:\\\/\\\/www.prosersa.net\\\/politica-de-cookies\\\/\",\"name\":\"Pol\u00edtica de cookies - Prosersa\",\"isPartOf\":{\"@id\":\"https:\\\/\\\/www.prosersa.net\\\/#website\"},\"datePublished\":\"2024-11-25T20:36:38+00:00\",\"dateModified\":\"2024-12-30T13:19:04+00:00\",\"breadcrumb\":{\"@id\":\"https:\\\/\\\/www.prosersa.net\\\/politica-de-cookies\\\/#breadcrumb\"},\"inLanguage\":\"en-GB\",\"potentialAction\":[{\"@type\":\"ReadAction\",\"target\":[\"https:\\\/\\\/www.prosersa.net\\\/politica-de-cookies\\\/\"]}]},{\"@type\":\"BreadcrumbList\",\"@id\":\"https:\\\/\\\/www.prosersa.net\\\/politica-de-cookies\\\/#breadcrumb\",\"itemListElement\":[{\"@type\":\"ListItem\",\"position\":1,\"name\":\"Portada\",\"item\":\"https:\\\/\\\/www.prosersa.net\\\/\"},{\"@type\":\"ListItem\",\"position\":2,\"name\":\"Pol\u00edtica de cookies\"}]},{\"@type\":\"WebSite\",\"@id\":\"https:\\\/\\\/www.prosersa.net\\\/#website\",\"url\":\"https:\\\/\\\/www.prosersa.net\\\/\",\"name\":\"Prosersa\",\"description\":\"Regalos publicitarios y art\u00edculos promocionales\",\"publisher\":{\"@id\":\"https:\\\/\\\/www.prosersa.net\\\/#organization\"},\"potentialAction\":[{\"@type\":\"SearchAction\",\"target\":{\"@type\":\"EntryPoint\",\"urlTemplate\":\"https:\\\/\\\/www.prosersa.net\\\/?s={search_term_string}\"},\"query-input\":{\"@type\":\"PropertyValueSpecification\",\"valueRequired\":true,\"valueName\":\"search_term_string\"}}],\"inLanguage\":\"en-GB\"},{\"@type\":\"Organization\",\"@id\":\"https:\\\/\\\/www.prosersa.net\\\/#organization\",\"name\":\"Prosersa\",\"url\":\"https:\\\/\\\/www.prosersa.net\\\/\",\"logo\":{\"@type\":\"ImageObject\",\"inLanguage\":\"en-GB\",\"@id\":\"https:\\\/\\\/www.prosersa.net\\\/#\\\/schema\\\/logo\\\/image\\\/\",\"url\":\"https:\\\/\\\/www.prosersa.net\\\/wp-content\\\/uploads\\\/2024\\\/10\\\/Logo-granate-Horizontal-v2.png\",\"contentUrl\":\"https:\\\/\\\/www.prosersa.net\\\/wp-content\\\/uploads\\\/2024\\\/10\\\/Logo-granate-Horizontal-v2.png\",\"width\":2494,\"height\":1063,\"caption\":\"Prosersa\"},\"image\":{\"@id\":\"https:\\\/\\\/www.prosersa.net\\\/#\\\/schema\\\/logo\\\/image\\\/\"}}]}<\/script>\n<!-- \/ Yoast SEO Premium plugin. -->","yoast_head_json":{"title":"Cookies policy - Prosersa","robots":{"index":"index","follow":"follow","max-snippet":"max-snippet:-1","max-image-preview":"max-image-preview:large","max-video-preview":"max-video-preview:-1"},"canonical":"https:\/\/www.prosersa.net\/en\/cookie-policy\/","og_locale":"en_GB","og_type":"article","og_title":"Pol\u00edtica de cookies","og_description":"pol\u00edtica de Cookies En la mayor\u00eda de p\u00e1ginas web se utilizan cookies para facilitar la navegaci\u00f3n al usuario y en Printulogo\u00a0 tambi\u00e9n lo hacemos. \u00bfQu\u00e9 es una cookie?\u00a0 Una cookie es un peque\u00f1o archivo de texto que se introduce en su ordenador la primera vez que visita una p\u00e1gina. En cada ordenador hay una carpeta [&hellip;]","og_url":"https:\/\/www.prosersa.net\/en\/cookie-policy\/","og_site_name":"Prosersa","article_modified_time":"2024-12-30T13:19:04+00:00","twitter_card":"summary_large_image","twitter_misc":{"Estimated reading time":"3 minutes"},"schema":{"@context":"https:\/\/schema.org","@graph":[{"@type":"WebPage","@id":"https:\/\/www.prosersa.net\/politica-de-cookies\/","url":"https:\/\/www.prosersa.net\/politica-de-cookies\/","name":"Cookies policy - Prosersa","isPartOf":{"@id":"https:\/\/www.prosersa.net\/#website"},"datePublished":"2024-11-25T20:36:38+00:00","dateModified":"2024-12-30T13:19:04+00:00","breadcrumb":{"@id":"https:\/\/www.prosersa.net\/politica-de-cookies\/#breadcrumb"},"inLanguage":"en-GB","potentialAction":[{"@type":"ReadAction","target":["https:\/\/www.prosersa.net\/politica-de-cookies\/"]}]},{"@type":"BreadcrumbList","@id":"https:\/\/www.prosersa.net\/politica-de-cookies\/#breadcrumb","itemListElement":[{"@type":"ListItem","position":1,"name":"Portada","item":"https:\/\/www.prosersa.net\/"},{"@type":"ListItem","position":2,"name":"Pol\u00edtica de cookies"}]},{"@type":"WebSite","@id":"https:\/\/www.prosersa.net\/#website","url":"https:\/\/www.prosersa.net\/","name":"Prosersa","description":"Advertising gifts and promotional items","publisher":{"@id":"https:\/\/www.prosersa.net\/#organization"},"potentialAction":[{"@type":"SearchAction","target":{"@type":"EntryPoint","urlTemplate":"https:\/\/www.prosersa.net\/?s={search_term_string}"},"query-input":{"@type":"PropertyValueSpecification","valueRequired":true,"valueName":"search_term_string"}}],"inLanguage":"en-GB"},{"@type":"Organization","@id":"https:\/\/www.prosersa.net\/#organization","name":"Prosersa","url":"https:\/\/www.prosersa.net\/","logo":{"@type":"ImageObject","inLanguage":"en-GB","@id":"https:\/\/www.prosersa.net\/#\/schema\/logo\/image\/","url":"https:\/\/www.prosersa.net\/wp-content\/uploads\/2024\/10\/Logo-granate-Horizontal-v2.png","contentUrl":"https:\/\/www.prosersa.net\/wp-content\/uploads\/2024\/10\/Logo-granate-Horizontal-v2.png","width":2494,"height":1063,"caption":"Prosersa"},"image":{"@id":"https:\/\/www.prosersa.net\/#\/schema\/logo\/image\/"}}]}},"_links":{"self":[{"href":"https:\/\/www.prosersa.net\/en\/wp-json\/wp\/v2\/pages\/435","targetHints":{"allow":["GET"]}}],"collection":[{"href":"https:\/\/www.prosersa.net\/en\/wp-json\/wp\/v2\/pages"}],"about":[{"href":"https:\/\/www.prosersa.net\/en\/wp-json\/wp\/v2\/types\/page"}],"author":[{"embeddable":true,"href":"https:\/\/www.prosersa.net\/en\/wp-json\/wp\/v2\/users\/2"}],"replies":[{"embeddable":true,"href":"https:\/\/www.prosersa.net\/en\/wp-json\/wp\/v2\/comments?post=435"}],"version-history":[{"count":10,"href":"https:\/\/www.prosersa.net\/en\/wp-json\/wp\/v2\/pages\/435\/revisions"}],"predecessor-version":[{"id":464,"href":"https:\/\/www.prosersa.net\/en\/wp-json\/wp\/v2\/pages\/435\/revisions\/464"}],"wp:attachment":[{"href":"https:\/\/www.prosersa.net\/en\/wp-json\/wp\/v2\/media?parent=435"}],"curies":[{"name":"wp","href":"https:\/\/api.w.org\/{rel}","templated":true}]}}